{"id":826,"date":"2019-02-11T14:44:17","date_gmt":"2019-02-11T14:44:17","guid":{"rendered":"https:\/\/www.educlab.eu\/grupul-tinta\/"},"modified":"2019-02-28T17:06:33","modified_gmt":"2019-02-28T17:06:33","slug":"celcsoport","status":"publish","type":"page","link":"https:\/\/www.educlab.eu\/hu\/celcsoport\/","title":{"rendered":"C\u00e9lcsoport"},"content":{"rendered":"<p>Az educlab projekt c\u00e9lja az \u00f3vodai oktat\u00f3-nevel\u0151k k\u00f6zvetlen c\u00e9lcsoportj\u00e1nak bevon\u00e1sa a k\u00f6vetkez\u0151 tev\u00e9kenys\u00e9gekbe:<\/p>\n<ul class=\"listLink\" >\n<li><strong>IO1 EDUCLAB IR\u00c1NYELVEK<\/strong>: az ir\u00e1nyelvek kidolgoz\u00e1sa \u00e9rdek\u00e9ben,  partnerorsz\u00e1gonk\u00e9nt 10 iskola el\u0151tti nevel\u0151-oktat\u00f3 vagy m\u00e1s, 3-5 \u00e9ves gyermekekkel dolgoz\u00f3 alkalmazott ker\u00fcl kiv\u00e1laszt\u00e1sra, akik egy partnerorsz\u00e1gonk\u00e9nt megszervezett  workshopon, f\u00f3kusz csoporton vesznek majd r\u00e9szt. A f\u00f3kuszcsoportok c\u00e9lja az \u00f3vodai nevel\u0151k-oktat\u00f3k kompetenciahi\u00e1nyainak elemz\u00e9se, a felk\u00e9sz\u00edt\u00e9s\u00fck \u00e9rdek\u00e9ben.<\/li>\n<li><strong>IO2 EDUCLAB k\u00e9pz\u00e9si k\u00e9zik\u00f6nyv<\/strong> az \u00f3vodai szem\u00e9lyzet k\u00e9pz\u00e9s\u00e9re, a kultur\u00e1lis workshopok megval\u00f3s\u00edt\u00e1s\u00e1ra. A kidolgozott k\u00e9pz\u00e9si program tesztel\u00e9se \u00e9s k\u00eds\u00e9rleti tervez\u00e9se minden partnerorsz\u00e1gban biztos\u00edtott 10 olyan r\u00e9sztvev\u0151vel, akik el\u0151z\u0151 felm\u00e9r\u00e9sben is r\u00e9szt vettek.<\/li>\n<li><strong>IO3 EDUCLAB eszk\u00f6zt\u00e1r<\/strong>, amely az \u00f3vodai szem\u00e9lyzet sz\u00e1m\u00e1ra biztos\u00edt gyakorlati eszk\u00f6z\u00f6ket a kultur\u00e1lis m\u0171helyeknek az oszt\u00e1lyteremben t\u00f6rt\u00e9n\u0151 megval\u00f3s\u00edt\u00e1s\u00e1ra, a teend\u0151k l\u00e9p\u00e9senk\u00e9nti bemutat\u00e1s\u00e1val.<\/li>\n<li><strong>IO4 EDUCLAB online platform \u00e9s kultur\u00e1lis m\u0171helyek<\/strong> Partnerorsz\u00e1gonk\u00e9nt legal\u00e1bb n\u00e9gy kultur\u00e1lis m\u0171hely l\u00e9trehoz\u00e1sa (\u00f6sszesen 625 gyermek EU szint\u0171 bevon\u00e1s\u00e1val) az \u00f3vodai oktat\u00f3-nevel\u0151 szem\u00e9lyzet \u00e1ltal elsaj\u00e1t\u00edtott ismeretek gyakorlatba \u00fcltet\u00e9s\u00e9vel.<br \/>\nEbben a f\u00e1zisban oktat\u00f3vide\u00f3k k\u00e9sz\u00fclnek majd, amelyeket az az online platformon osztanak meg.<\/li>\n<li><strong>TANUL\u00c1SI, OKTAT\u00c1SI, K\u00c9PZ\u00c9SI TEV\u00c9KENYS\u00c9G<\/strong><br \/>\nA k\u00e9pz\u00e9s c\u00e9lja, hogy egy egyedi, eur\u00f3pai uni\u00f3s szeml\u00e9letet alak\u00edtson ki a 3-5 \u00e9ves gyerekeknek sz\u00e1nt kultur\u00e1lis m\u0171helyek \u00e9s a projektterm\u00e9kek (IO2 \u00e9s IO3) haszn\u00e1lat\u00e1val kapcsolatban. A Firenz\u00e9ben megtartott 5 napos k\u00e9pz\u00e9sen, partnerorsz\u00e1gonk\u00e9nt 2 r\u00e9sztvev\u0151 vesz r\u00e9szt.<\/li>\n<\/ul>\n","protected":false},"excerpt":{"rendered":"<p>Az educlab projekt c\u00e9lja az \u00f3vodai oktat\u00f3-nevel\u0151k k\u00f6zvetlen c\u00e9lcsoportj\u00e1nak bevon\u00e1sa a k\u00f6vetkez\u0151 tev\u00e9kenys\u00e9gekbe: IO1 EDUCLAB IR\u00c1NYELVEK: az ir\u00e1nyelvek kidolgoz\u00e1sa \u00e9rdek\u00e9ben, partnerorsz\u00e1gonk\u00e9nt 10 iskola el\u0151tti nevel\u0151-oktat\u00f3 vagy m\u00e1s, 3-5 \u00e9ves gyermekekkel dolgoz\u00f3 alkalmazott ker\u00fcl kiv\u00e1laszt\u00e1sra, akik egy partnerorsz\u00e1gonk\u00e9nt megszervezett workshopon, f\u00f3kusz &hellip; <a href=\"https:\/\/www.educlab.eu\/hu\/celcsoport\/\">Continue reading <span class=\"meta-nav\">&rarr;<\/span><\/a><\/p>\n","protected":false},"author":2,"featured_media":731,"parent":0,"menu_order":0,"comment_status":"closed","ping_status":"closed","template":"","meta":[],"acf":[],"_links":{"self":[{"href":"https:\/\/www.educlab.eu\/hu\/wp-json\/wp\/v2\/pages\/826"}],"collection":[{"href":"https:\/\/www.educlab.eu\/hu\/wp-json\/wp\/v2\/pages"}],"about":[{"href":"https:\/\/www.educlab.eu\/hu\/wp-json\/wp\/v2\/types\/page"}],"author":[{"embeddable":true,"href":"https:\/\/www.educlab.eu\/hu\/wp-json\/wp\/v2\/users\/2"}],"replies":[{"embeddable":true,"href":"https:\/\/www.educlab.eu\/hu\/wp-json\/wp\/v2\/comments?post=826"}],"version-history":[{"count":3,"href":"https:\/\/www.educlab.eu\/hu\/wp-json\/wp\/v2\/pages\/826\/revisions"}],"predecessor-version":[{"id":866,"href":"https:\/\/www.educlab.eu\/hu\/wp-json\/wp\/v2\/pages\/826\/revisions\/866"}],"wp:featuredmedia":[{"embeddable":true,"href":"https:\/\/www.educlab.eu\/hu\/wp-json\/wp\/v2\/media\/731"}],"wp:attachment":[{"href":"https:\/\/www.educlab.eu\/hu\/wp-json\/wp\/v2\/media?parent=826"}],"curies":[{"name":"wp","href":"https:\/\/api.w.org\/{rel}","templated":true}]}}