{"id":829,"date":"2019-02-14T15:57:28","date_gmt":"2019-02-14T15:57:28","guid":{"rendered":"https:\/\/www.educlab.eu\/expected-results\/"},"modified":"2019-02-28T16:37:12","modified_gmt":"2019-02-28T16:37:12","slug":"tervezett-eredmenyek","status":"publish","type":"page","link":"https:\/\/www.educlab.eu\/hu\/tervezett-eredmenyek\/","title":{"rendered":"Tervezett eredm\u00e9nyek"},"content":{"rendered":"<p>A projekt v\u00e1rhat\u00f3 eredm\u00e9nyei a k\u00f6vetkez\u0151k: <\/p>\n<ul class=\"listLink\">\n<li><strong>IO1 EDUCLAB ir\u00e1nyelvek.<\/strong>  Az \u00f3vodai oktat\u00f3-nevel\u0151 szem\u00e9lyzetnek sz\u00f3l\u00f3 dokumentum a kultur\u00e1lis m\u0171helyek megval\u00f3s\u00edt\u00e1s\u00e1ra vonatkoz\u00f3an tekintettel a k\u00e9pz\u00e9si k\u00f6rnyezet megszervez\u00e9s\u00e9re, a tanul\u00e1si folyamatokra, az \u00e9letkor specifikus ig\u00e9nyek figyelembev\u00e9tele \u00e9s a gyermekek motiv\u00e1ci\u00f3j\u00e1nak megk\u00f6zel\u00edt\u00e9s\u00e9re vonatkoz\u00f3an.<\/li>\n<li><strong>IO2 EDUCLAB K\u00e9pz\u00e9si K\u00e9zik\u00f6nyv<\/strong> az \u00f3vodai oktat\u00f3-nevel\u0151 szem\u00e9lyzet sz\u00e1m\u00e1ra a kultur\u00e1lis m\u0171helyek megszervez\u00e9s\u00e9re vonatkoz\u00f3an, illetve digit\u00e1lis k\u00e9szs\u00e9geik fejleszt\u00e9se \u00e9s a inkl\u00fazi\u00f3s megk\u00f6zel\u00edt\u00e9sek kialak\u00edt\u00e1s\u00e1nak \u00e9rdek\u00e9ben.<\/li>\n<li><strong>IO3 EDUCLAB eszk\u00f6zt\u00e1r.<\/strong> A kultur\u00e1lis m\u0171helytev\u00e9kenys\u00e9gek v\u00e9grehajt\u00e1s\u00e1nak l\u00e9p\u00e9sr\u0151l l\u00e9p\u00e9sre t\u00f6rt\u00e9n\u0151 le\u00edr\u00e1sa.<\/li>\n<li><strong>IO4 EDUCLAB Online platform \u00e9s kultur\u00e1lis m\u0171helyek.<\/strong> Az EDUCLAB eszk\u00f6zt\u00e1r\u00e1nak kieg\u00e9sz\u00edt\u00e9sek\u00e9nt, oktat\u00f3 vide\u00f3k, mint vizu\u00e1lis alap\u00fa tanul\u00e1si oktat\u00e1si seg\u00e9dletek kifejleszt\u00e9s\u00e9re ker\u00fcl majd sor, amelyeket az EDUCLAB online platformj\u00e1ra ker\u00fclnek felt\u00f6lt\u00e9sre.<\/li>\n<\/ul>\n<p>Tov\u00e1bbi vide\u00f3k ker\u00fclnek majd kidolgoz\u00e1sra a kultur\u00e1lis m\u0171helyek uni\u00f3s szint\u0171 megval\u00f3s\u00edt\u00e1sa sor\u00e1n.<\/p>\n","protected":false},"excerpt":{"rendered":"<p>A projekt v\u00e1rhat\u00f3 eredm\u00e9nyei a k\u00f6vetkez\u0151k: IO1 EDUCLAB ir\u00e1nyelvek. Az \u00f3vodai oktat\u00f3-nevel\u0151 szem\u00e9lyzetnek sz\u00f3l\u00f3 dokumentum a kultur\u00e1lis m\u0171helyek megval\u00f3s\u00edt\u00e1s\u00e1ra vonatkoz\u00f3an tekintettel a k\u00e9pz\u00e9si k\u00f6rnyezet megszervez\u00e9s\u00e9re, a tanul\u00e1si folyamatokra, az \u00e9letkor specifikus ig\u00e9nyek figyelembev\u00e9tele \u00e9s a gyermekek motiv\u00e1ci\u00f3j\u00e1nak megk\u00f6zel\u00edt\u00e9s\u00e9re vonatkoz\u00f3an. IO2 &hellip; <a href=\"https:\/\/www.educlab.eu\/hu\/tervezett-eredmenyek\/\">Continue reading <span class=\"meta-nav\">&rarr;<\/span><\/a><\/p>\n","protected":false},"author":2,"featured_media":781,"parent":0,"menu_order":0,"comment_status":"closed","ping_status":"closed","template":"","meta":[],"acf":[],"_links":{"self":[{"href":"https:\/\/www.educlab.eu\/hu\/wp-json\/wp\/v2\/pages\/829"}],"collection":[{"href":"https:\/\/www.educlab.eu\/hu\/wp-json\/wp\/v2\/pages"}],"about":[{"href":"https:\/\/www.educlab.eu\/hu\/wp-json\/wp\/v2\/types\/page"}],"author":[{"embeddable":true,"href":"https:\/\/www.educlab.eu\/hu\/wp-json\/wp\/v2\/users\/2"}],"replies":[{"embeddable":true,"href":"https:\/\/www.educlab.eu\/hu\/wp-json\/wp\/v2\/comments?post=829"}],"version-history":[{"count":3,"href":"https:\/\/www.educlab.eu\/hu\/wp-json\/wp\/v2\/pages\/829\/revisions"}],"predecessor-version":[{"id":835,"href":"https:\/\/www.educlab.eu\/hu\/wp-json\/wp\/v2\/pages\/829\/revisions\/835"}],"wp:featuredmedia":[{"embeddable":true,"href":"https:\/\/www.educlab.eu\/hu\/wp-json\/wp\/v2\/media\/781"}],"wp:attachment":[{"href":"https:\/\/www.educlab.eu\/hu\/wp-json\/wp\/v2\/media?parent=829"}],"curies":[{"name":"wp","href":"https:\/\/api.w.org\/{rel}","templated":true}]}}