{"id":803,"date":"2019-02-14T15:35:25","date_gmt":"2019-02-14T15:35:25","guid":{"rendered":"https:\/\/www.educlab.eu\/project-info\/"},"modified":"2019-04-11T10:04:30","modified_gmt":"2019-04-11T10:04:30","slug":"progetto","status":"publish","type":"page","link":"https:\/\/www.educlab.eu\/it\/progetto\/","title":{"rendered":"Progetto"},"content":{"rendered":"<p>ll PATRIMONIO CULTURALE \u00e8 ampiamente riconosciuto in tutta Europa come veicolo di identit\u00e0 culturale. La protezione del nostro patrimonio comune e la promozione della diversit\u00e0 culturale sono anche strumenti molto importanti per avvicinare diverse comunit\u00e0 e migliorare il dialogo tra culture diverse.<br \/>\nQuante persone conoscono il patrimonio culturale dipende sia da ci\u00f2 che viene fatto per promuoverlo sia dalla capacit\u00e0 dei cittadini Europei di conoscere ed apprezzare la propria cultura e quelle delle altre comunit\u00e0.<br \/>\nQuesto \u00e8 il motivo per cui uno dei principali obiettivi del progetto EDUCLAB \u00e8 quello di aumentare la consapevolezza nei bambini di et\u00e0 compresa tra 3-5 anni sull\u2019importanza del patrimonio culturale inteso come bene comune, aldil\u00e0 di ogni considerazione etnica o religiosa. Gli studenti di oggi rappresentano la popolazione Europea adulta del domani e ci auspichiamo che sappiano valorizzare la diversit\u00e0 culturale considerandola un&#8217;opportunit\u00e0 per il dialogo, che possano percepire il patrimonio culturale come un patrimonio comune e come tale sia veicolo di riconciliazione tra i popoli e non elemento di conflitto.<\/p>\n<p>Si dice spesso che i bambini piccoli imparino il pi\u00f9 veloce possibile. Man mano che crescono portano con s\u00e9 le capacit\u00e0, le conoscenze e le idee che hanno assorbito in tenera et\u00e0. Potranno, cos\u00ec, trasmetterle alle persone che incontrano e in seguito, ai propri figli. Investire nell\u2019istruzione durante il periodo dell\u2019infanzia \u00e8 quindi uno degli strumenti potenti per realizzare un cambiamento positivo per il futuro. Il Consiglio d&#8217;Europa \u00e8 da tempo impegnato nel trasmettere il concetto che l&#8217;istruzione \u00e8 un mezzo fondamentale per garantire uno sviluppo sociale, culturale ed economico.<\/p>\n<p>Ecco perch\u00e9 l\u2019Educazione nella prima infanzia ha bisogno di un approccio pedagogico che promuova la diversit\u00e0 socio-culturale nella societ\u00e0 e migliori la QUALIT\u00c0 DEI SERVIZI PRESCOLARI, come viene richiesto nella &#8220;Proposal for key principles of a Quality Framework for Early Childhood Education and Care&#8221; Relazione del gruppo di lavoro sull&#8217;ECEC (Servizi per la prima infanzia) sotto l&#8217;egida della Commissione europea (ottobre 2014).<\/p>\n<p>In tempi in cui i DIGITAL MEDIA sono onnipresenti e sempre pi\u00f9 bambini usano una crescente variet\u00e0 di media digitali in et\u00e0 prescolare rispetto a prima, tali media restano per\u00f2 un elemento portante nell\u2019educazione primaria. Gli insegnanti dei servizi prescolari non hanno, sempre, le competenze necessarie per supportare l&#8217;apprendimento dei bambini nel settore digitale poich\u00e9 hanno essi stessi difficolt\u00e0 ad affrontare tematiche inerenti la tecnologia ed il digitale. Essi hanno bisogno di accrescere le loro competenze in questo ambito soprattutto nella capacit\u00e0 di utilizzare media digitali in modo saggio e solido (Hardersen e Sando, 2012).<br \/>\nUna delle sfide per il consorzio EDUCLAB \u00e8 quindi quello di formare insegnanti nell&#8217;attuazione delle quattro fasi di un laboratorio: fase di preparazione, la fase critica, la fase visionaria, e la fase di attuazione nell&#8217;uso degli strumenti digitali.<\/p>\n","protected":false},"excerpt":{"rendered":"<p>ll PATRIMONIO CULTURALE \u00e8 ampiamente riconosciuto in tutta Europa come veicolo di identit\u00e0 culturale. La protezione del nostro patrimonio comune e la promozione della diversit\u00e0 culturale sono anche strumenti molto importanti per avvicinare diverse comunit\u00e0 e migliorare il dialogo tra &hellip; <a href=\"https:\/\/www.educlab.eu\/it\/progetto\/\">Continue reading <span class=\"meta-nav\">&rarr;<\/span><\/a><\/p>\n","protected":false},"author":2,"featured_media":742,"parent":0,"menu_order":0,"comment_status":"closed","ping_status":"closed","template":"template-sidebar.php","meta":[],"acf":[],"_links":{"self":[{"href":"https:\/\/www.educlab.eu\/it\/wp-json\/wp\/v2\/pages\/803"}],"collection":[{"href":"https:\/\/www.educlab.eu\/it\/wp-json\/wp\/v2\/pages"}],"about":[{"href":"https:\/\/www.educlab.eu\/it\/wp-json\/wp\/v2\/types\/page"}],"author":[{"embeddable":true,"href":"https:\/\/www.educlab.eu\/it\/wp-json\/wp\/v2\/users\/2"}],"replies":[{"embeddable":true,"href":"https:\/\/www.educlab.eu\/it\/wp-json\/wp\/v2\/comments?post=803"}],"version-history":[{"count":7,"href":"https:\/\/www.educlab.eu\/it\/wp-json\/wp\/v2\/pages\/803\/revisions"}],"predecessor-version":[{"id":1250,"href":"https:\/\/www.educlab.eu\/it\/wp-json\/wp\/v2\/pages\/803\/revisions\/1250"}],"wp:featuredmedia":[{"embeddable":true,"href":"https:\/\/www.educlab.eu\/it\/wp-json\/wp\/v2\/media\/742"}],"wp:attachment":[{"href":"https:\/\/www.educlab.eu\/it\/wp-json\/wp\/v2\/media?parent=803"}],"curies":[{"name":"wp","href":"https:\/\/api.w.org\/{rel}","templated":true}]}}