{"id":813,"date":"2019-02-11T14:44:17","date_gmt":"2019-02-11T14:44:17","guid":{"rendered":"https:\/\/www.educlab.eu\/target-groups\/"},"modified":"2019-04-11T10:05:13","modified_gmt":"2019-04-11T10:05:13","slug":"destinatari","status":"publish","type":"page","link":"https:\/\/www.educlab.eu\/it\/destinatari\/","title":{"rendered":"Destinatari"},"content":{"rendered":"<p>Il progetto EDUCLAB si propone di formare gli insegnanti delle scuole dell&#8217;infanzia e coinvolgerli nelle seguenti attivit\u00e0:<\/p>\n<ul class=\"listLink\">\n<li><strong>IO1 Le Linee Guida EDUCLAB:<\/strong> per elaborarle, in ogni paese partner del progetto verranno selezionati 10 insegnanti o altro staff delle scuole dell\u2019infanzia che lavorano con bambini di et\u00e0 compresa tra i 3-5 anni presso le organizzazioni partner. Saranno, inoltre, organizzati dei focus group in ogni paese partner per analizzare le competenze che gli insegnanti dovrebbero sviluppare e per elaborare il Manuale di formazione.<\/li>\n<li><strong>IO2 Manuale di formazione EDUCLAB<\/strong> per formare gli insegnanti delle scuole dell&#8217;infanzia a organizzare laboratori nell&#8217;ambito culturale: \u00e8 previsto un corso pilota in ogni paese partner per testare il programma formativo sviluppato con 10 partecipanti, quelli che sono stati coinvolti anche nell&#8217;opera d&#8217;ingegno precedente.<\/li>\n<li><strong>IO3 EDUCLAB Toolkit<\/strong>, uno strumento pratico rivolto agli insegnanti delle scuole dell\u2019infanzia per realizzare laboratori culturali nella classe, fornendogli una descrizione dettagliata su come svolgere le attivit\u00e0.<\/li>\n<li><strong>IO4 EDUCLAB Piattaforma online e laboratori culturali<\/strong>, per mettere in pratica quello che gli insegnanti hanno imparato durante le attivit\u00e0 del progetto, attraverso la realizzazione di almeno 4 laboratori culturali in ogni paese partner, coinvolgendo 625 bambini in totale a livello europeo. In questa fase saranno creati dei Video tutorial che poi saranno condivisi sulla piattaforma online.<\/li>\n<li><strong>ATTIVIT\u00c0 DI FORMAZIONE, INSEGNAMENTO E APPRENDIMENTO<\/strong><br \/>\nLa formazione \u00e8 mirata a sviluppare un unico approccio Europeo nell&#8217;ambito dell\u2019organizzazione di laboratori culturali per bambini di et\u00e0 compresa tra i 3-5 anni e per usare i prodotti del progetto (IO2 e IO3). Consister\u00e0 di una formazione della durata di 5 giorni, si terr\u00e0 a Firenze e ogni partner mander\u00e0 2 partecipanti.<\/li>\n<\/ul>\n","protected":false},"excerpt":{"rendered":"<p>Il progetto EDUCLAB si propone di formare gli insegnanti delle scuole dell&#8217;infanzia e coinvolgerli nelle seguenti attivit\u00e0: IO1 Le Linee Guida EDUCLAB: per elaborarle, in ogni paese partner del progetto verranno selezionati 10 insegnanti o altro staff delle scuole dell\u2019infanzia &hellip; <a href=\"https:\/\/www.educlab.eu\/it\/destinatari\/\">Continue reading <span class=\"meta-nav\">&rarr;<\/span><\/a><\/p>\n","protected":false},"author":2,"featured_media":732,"parent":0,"menu_order":0,"comment_status":"closed","ping_status":"closed","template":"","meta":[],"acf":[],"_links":{"self":[{"href":"https:\/\/www.educlab.eu\/it\/wp-json\/wp\/v2\/pages\/813"}],"collection":[{"href":"https:\/\/www.educlab.eu\/it\/wp-json\/wp\/v2\/pages"}],"about":[{"href":"https:\/\/www.educlab.eu\/it\/wp-json\/wp\/v2\/types\/page"}],"author":[{"embeddable":true,"href":"https:\/\/www.educlab.eu\/it\/wp-json\/wp\/v2\/users\/2"}],"replies":[{"embeddable":true,"href":"https:\/\/www.educlab.eu\/it\/wp-json\/wp\/v2\/comments?post=813"}],"version-history":[{"count":4,"href":"https:\/\/www.educlab.eu\/it\/wp-json\/wp\/v2\/pages\/813\/revisions"}],"predecessor-version":[{"id":1251,"href":"https:\/\/www.educlab.eu\/it\/wp-json\/wp\/v2\/pages\/813\/revisions\/1251"}],"wp:featuredmedia":[{"embeddable":true,"href":"https:\/\/www.educlab.eu\/it\/wp-json\/wp\/v2\/media\/732"}],"wp:attachment":[{"href":"https:\/\/www.educlab.eu\/it\/wp-json\/wp\/v2\/media?parent=813"}],"curies":[{"name":"wp","href":"https:\/\/api.w.org\/{rel}","templated":true}]}}