{"id":960,"date":"2019-02-14T15:57:28","date_gmt":"2019-02-14T15:57:28","guid":{"rendered":"https:\/\/www.educlab.eu\/resultados-esperados\/"},"modified":"2019-02-14T15:57:28","modified_gmt":"2019-02-14T15:57:28","slug":"resultados-esperados","status":"publish","type":"page","link":"https:\/\/www.educlab.eu\/pt-pt\/resultados-esperados\/","title":{"rendered":"Resultados Esperados"},"content":{"rendered":"<p>Os principais resultados esperados do projeto s\u00e3o:<\/p>\n<ul class=\"listLink\">\n<li><strong>IO1 Orienta\u00e7\u00f5es EDUCLAB.<\/strong> Um documento para os professores sobre como organizar o ambiente de forma\u00e7\u00e3o, processos de aprendizagem, abordar as necessidades espec\u00edficas por idade e a motiva\u00e7\u00e3o das crian\u00e7as ao implementar um workshop cultural.\n<li><strong>IO2 Manual de Forma\u00e7\u00e3o EDUCLAB<\/strong> para dar capacidades aos professores de ECEC para implementarem workshops culturais e fornecer-lhes conhecimentos na \u00e1rea digital e abordagens inclusivas.\n<li><strong>IO3 Toolkit EDUCLAB.<\/strong> Uma descri\u00e7\u00e3o passo a passo de como realizar as atividades do workshop cultural.\n<li><strong>IO4 Plataforma Online EDUCLAB<\/strong> e Workshops Culturais. Os tutoriais em formato de v\u00eddeo ser\u00e3o desenvolvidos e carregados na plataforma online da EDUCLAB para completar o seu Toolkit EDUCLAB com a aprendizagem em suporte visual. Ser\u00e3o desenvolvidos v\u00eddeos adicionais durante a implementa\u00e7\u00e3o dos workshops culturais a n\u00edvel da UE.<\/li>\n<\/ul>\n<p>Estes  Intellectual Outputs ser\u00e3o conectadas com o Multiplier Events, a fim de alcan\u00e7ar a maior variedade poss\u00edvel de grupos-alvo e partes interessadas.<\/p>\n","protected":false},"excerpt":{"rendered":"<p>Os principais resultados esperados do projeto s\u00e3o: IO1 Orienta\u00e7\u00f5es EDUCLAB. Um documento para os professores sobre como organizar o ambiente de forma\u00e7\u00e3o, processos de aprendizagem, abordar as necessidades espec\u00edficas por idade e a motiva\u00e7\u00e3o das crian\u00e7as ao implementar um workshop &hellip; <a href=\"https:\/\/www.educlab.eu\/pt-pt\/resultados-esperados\/\">Continue reading <span class=\"meta-nav\">&rarr;<\/span><\/a><\/p>\n","protected":false},"author":2,"featured_media":961,"parent":0,"menu_order":0,"comment_status":"closed","ping_status":"closed","template":"","meta":[],"acf":[],"_links":{"self":[{"href":"https:\/\/www.educlab.eu\/pt-pt\/wp-json\/wp\/v2\/pages\/960"}],"collection":[{"href":"https:\/\/www.educlab.eu\/pt-pt\/wp-json\/wp\/v2\/pages"}],"about":[{"href":"https:\/\/www.educlab.eu\/pt-pt\/wp-json\/wp\/v2\/types\/page"}],"author":[{"embeddable":true,"href":"https:\/\/www.educlab.eu\/pt-pt\/wp-json\/wp\/v2\/users\/2"}],"replies":[{"embeddable":true,"href":"https:\/\/www.educlab.eu\/pt-pt\/wp-json\/wp\/v2\/comments?post=960"}],"version-history":[{"count":0,"href":"https:\/\/www.educlab.eu\/pt-pt\/wp-json\/wp\/v2\/pages\/960\/revisions"}],"wp:featuredmedia":[{"embeddable":true,"href":"https:\/\/www.educlab.eu\/pt-pt\/wp-json\/wp\/v2\/media\/961"}],"wp:attachment":[{"href":"https:\/\/www.educlab.eu\/pt-pt\/wp-json\/wp\/v2\/media?parent=960"}],"curies":[{"name":"wp","href":"https:\/\/api.w.org\/{rel}","templated":true}]}}