{"id":971,"date":"2019-02-11T14:44:17","date_gmt":"2019-02-11T14:44:17","guid":{"rendered":"https:\/\/www.educlab.eu\/grupos-alvo\/"},"modified":"2019-02-11T14:44:17","modified_gmt":"2019-02-11T14:44:17","slug":"grupos-alvo","status":"publish","type":"page","link":"https:\/\/www.educlab.eu\/pt-pt\/grupos-alvo\/","title":{"rendered":"Grupos-Alvo"},"content":{"rendered":"<p>O projeto EDUCLAB est\u00e1 disposto a envolver o grupo-alvo direto de professores de ECEC(em pt:Educa\u00e7\u00e3o e Acolhimento na Primeira Inf\u00e2ncia) nas seguintes actividades:<\/p>\n<ul class=\"listLink\" >\n<li><strong>IO1 Diretrizes do EDUCLAB:<\/strong> para desenvolver as Diretrizes por pa\u00eds parceiro, 10 professores de pr\u00e9-escolas\/outros funcion\u00e1rios que trabalham com crian\u00e7as de 3 a 5 anos de idade ser\u00e3o selecionados entre as organiza\u00e7\u00f5es parceiras. O workshop ser\u00e1 organizado em cada  pa\u00eds parceiro, os grupos-alvo visam analisar as lacunas de compet\u00eancia para preparar o&#8230; (informa\u00e7\u00e3o incompleta).<\/li>\n<li><strong>IO2 Manual de Forma\u00e7\u00e3o EDUCLAB<\/strong>  para a forma\u00e7\u00e3o de  funcion\u00e1rios da pr\u00e9-escola de modo a implementar workshops na \u00e1rea da Cultura: est\u00e1 previsto o teste e a condu\u00e7\u00e3o do programa de forma\u00e7\u00e3o desenvolvido em todos os pa\u00edses parceiros com os 10 participantes que estiveram envolvidos no output anterior.<\/li>\n<li><strong>IO3 Toolkit EDUCLAB<\/strong>, para fornecer uma ferramenta muito pr\u00e1tica para os professores da pr\u00e9-escola implementarem workshops culturais na sala de aula descrevendo passo a passo como realizar as atividades.<\/li>\n<li><strong>IO4 Plataforma Online EDUCLAB e Workshops Culturais<\/strong> para colocar em pr\u00e1tica o que os professores da pr\u00e9-escola aprenderam durante o projeto atrav\u00e9s da implementa\u00e7\u00e3o de pelo menos 4 workshops culturais em cada pa\u00eds parceiro, envolvendo um total de 625 crian\u00e7as a n\u00edvel da UE.  Durante esta fase ser\u00e3o elaborados  tutoriais em formato de v\u00eddeo e ser\u00e3o compartilhados na plataforma online.<\/li>\n<li><strong>ATIVIDADES DE APRENDIZAGEM, FORMA\u00c7\u00c3O E ENSINO<\/strong> A forma\u00e7\u00e3o destina-se a desenvolver uma abordagem \u00fanica da UE no \u00e2mbito dos workshops culturais para crian\u00e7as de 3 a 5 anos e da utiliza\u00e7\u00e3o de produtos de projetos (IO2 e I03). Ser\u00e1 composto por 5 dias de forma\u00e7\u00e3o em Floren\u00e7a\/IT, cada parceiro enviar\u00e1 2 participantes.<\/li>\n<\/ul>\n","protected":false},"excerpt":{"rendered":"<p>O projeto EDUCLAB est\u00e1 disposto a envolver o grupo-alvo direto de professores de ECEC(em pt:Educa\u00e7\u00e3o e Acolhimento na Primeira Inf\u00e2ncia) nas seguintes actividades: IO1 Diretrizes do EDUCLAB: para desenvolver as Diretrizes por pa\u00eds parceiro, 10 professores de pr\u00e9-escolas\/outros funcion\u00e1rios que &hellip; <a href=\"https:\/\/www.educlab.eu\/pt-pt\/grupos-alvo\/\">Continue reading <span class=\"meta-nav\">&rarr;<\/span><\/a><\/p>\n","protected":false},"author":2,"featured_media":972,"parent":0,"menu_order":0,"comment_status":"closed","ping_status":"closed","template":"","meta":[],"acf":[],"_links":{"self":[{"href":"https:\/\/www.educlab.eu\/pt-pt\/wp-json\/wp\/v2\/pages\/971"}],"collection":[{"href":"https:\/\/www.educlab.eu\/pt-pt\/wp-json\/wp\/v2\/pages"}],"about":[{"href":"https:\/\/www.educlab.eu\/pt-pt\/wp-json\/wp\/v2\/types\/page"}],"author":[{"embeddable":true,"href":"https:\/\/www.educlab.eu\/pt-pt\/wp-json\/wp\/v2\/users\/2"}],"replies":[{"embeddable":true,"href":"https:\/\/www.educlab.eu\/pt-pt\/wp-json\/wp\/v2\/comments?post=971"}],"version-history":[{"count":0,"href":"https:\/\/www.educlab.eu\/pt-pt\/wp-json\/wp\/v2\/pages\/971\/revisions"}],"wp:featuredmedia":[{"embeddable":true,"href":"https:\/\/www.educlab.eu\/pt-pt\/wp-json\/wp\/v2\/media\/972"}],"wp:attachment":[{"href":"https:\/\/www.educlab.eu\/pt-pt\/wp-json\/wp\/v2\/media?parent=971"}],"curies":[{"name":"wp","href":"https:\/\/api.w.org\/{rel}","templated":true}]}}