{"id":1283,"date":"2019-06-25T16:05:06","date_gmt":"2019-06-25T16:05:06","guid":{"rendered":"https:\/\/www.educlab.eu\/?page_id=1283"},"modified":"2021-09-28T10:27:58","modified_gmt":"2021-09-28T10:27:58","slug":"descarcari-si-referinte","status":"publish","type":"page","link":"https:\/\/www.educlab.eu\/ro\/descarcari-si-referinte\/","title":{"rendered":"Desc\u0103rc\u0103ri \u0219i referin\u021be"},"content":{"rendered":"<p><span class=\"tlid-translation translation\" lang=\"ro\"><span class=\"\" title=\"\">Din aceast\u0103 zon\u0103 este posibil\u0103 desc\u0103rcarea<\/span><\/span>:<\/p>\n<h2>Bro\u0219ur\u0103<\/h2>\n<p><a href=\"https:\/\/www.educlab.eu\/wp-content\/uploads\/2019\/06\/Flyer_Educlab_RO.pdf\" target=\"_blank\" rel=\"noopener noreferrer\"><img decoding=\"async\" loading=\"lazy\" class=\"alignnone wp-image-1285 size-full\" src=\"https:\/\/www.educlab.eu\/wp-content\/uploads\/2019\/06\/Flyer_Educlab.jpg\" alt=\"\" width=\"283\" height=\"200\" \/><\/a><\/p>\n<h2>Buletin informativ<\/h2>\n<div id=\"attachment_1454\" style=\"width: 151px\" class=\"wp-caption alignleft\"><a href=\"https:\/\/www.educlab.eu\/wp-content\/uploads\/2019\/09\/Educlab-newsletter-nr1-RO.pdf\" target=\"_blank\" rel=\"noopener noreferrer\"><img aria-describedby=\"caption-attachment-1454\" decoding=\"async\" loading=\"lazy\" class=\"wp-image-1454 size-full\" src=\"https:\/\/www.educlab.eu\/wp-content\/uploads\/2019\/09\/Educlab-newsletter-nr1-EN_Pagina_1.jpg\" alt=\"\" width=\"141\" height=\"200\" \/><\/a><p id=\"caption-attachment-1454\" class=\"wp-caption-text\">Newsletter N\u00b01<\/p><\/div>\n<div id=\"attachment_1687\" style=\"width: 151px\" class=\"wp-caption alignleft\"><a href=\"https:\/\/www.educlab.eu\/wp-content\/uploads\/2020\/11\/Educlab-newsletter-nr2-RO.pdf\" target=\"_blank\" rel=\"noopener noreferrer\"><img aria-describedby=\"caption-attachment-1687\" decoding=\"async\" loading=\"lazy\" class=\"wp-image-1687 size-full\" src=\"https:\/\/www.educlab.eu\/wp-content\/uploads\/2020\/11\/Educlab-newsletter-nr2-EN_Pagina_1.jpg\" alt=\"\" width=\"141\" height=\"200\" \/><\/a><p id=\"caption-attachment-1687\" class=\"wp-caption-text\">Newsletter N\u00b02<\/p><\/div>\n<div id=\"attachment_1687\" style=\"width: 151px\" class=\"wp-caption alignleft\"><a href=\"https:\/\/www.educlab.eu\/wp-content\/uploads\/2021\/07\/Educlab-newsletter-nr3-RO.pdf\" target=\"_blank\" rel=\"noopener noreferrer\"><img aria-describedby=\"caption-attachment-1687\" decoding=\"async\" loading=\"lazy\" class=\"wp-image-1687 size-full\" src=\"https:\/\/www.educlab.eu\/wp-content\/uploads\/2021\/07\/Educlab-newsletter-nr3-RO.jpg\" alt=\"\" width=\"141\" height=\"200\" \/><\/a><p id=\"caption-attachment-1687\" class=\"wp-caption-text\">Newsletter N\u00b03<\/p><\/div>\n<div id=\"attachment_1687\" style=\"width: 151px\" class=\"wp-caption alignleft\"><a href=\"https:\/\/www.educlab.eu\/wp-content\/uploads\/2021\/09\/Educlab-newsletter-nr4-RO.pdf\" target=\"_blank\" rel=\"noopener noreferrer\"><img aria-describedby=\"caption-attachment-1687\" decoding=\"async\" loading=\"lazy\" class=\"wp-image-1687 size-full\" src=\"https:\/\/www.educlab.eu\/wp-content\/uploads\/2021\/09\/Educlab-newsletter-nr4-EN.jpg\" alt=\"\" width=\"141\" height=\"200\" \/><\/a><p id=\"caption-attachment-1687\" class=\"wp-caption-text\">Newsletter N\u00b04<\/p><\/div>\n<h2 style=\"clear: both;\">IO1: Ghidul EDUCLAB<\/h2>\n<p><a href=\"https:\/\/www.educlab.eu\/wp-content\/uploads\/2019\/10\/IO1_EDUCLAB-Guidelines_RO.pdf\" target=\"_blank\" rel=\"noopener noreferrer\"><img decoding=\"async\" loading=\"lazy\" class=\"alignnone wp-image-1285 size-full\" src=\"https:\/\/www.educlab.eu\/wp-content\/uploads\/2019\/10\/IO1_EDUCLAB-Guidelines_RO_Pagina_01-1.png\" alt=\"\" width=\"141\" height=\"200\" \/><\/a><\/p>\n<h2>IO2: EDUCLAB Manual de formare<\/h2>\n<p><a href=\"https:\/\/www.educlab.eu\/wp-content\/uploads\/2021\/07\/EDUCLAB-Training-Handbook-RO.pdf\" target=\"_blank\" rel=\"noopener noreferrer\"><img decoding=\"async\" loading=\"lazy\" class=\"alignnone size-full wp-image-1808\" src=\"https:\/\/www.educlab.eu\/wp-content\/uploads\/2021\/07\/EDUCLAB-Training-Handbook-RO.jpg\" alt=\"\" width=\"141\" height=\"200\" \/><\/a><\/p>\n<h2>IO2: EDUCLAB Manual de formare (PowerPoint Presentations ENG)<\/h2>\n<div id=\"attachment_2159\" style=\"width: 210px\" class=\"wp-caption alignnone\"><a href=\"https:\/\/www.educlab.eu\/wp-content\/uploads\/2021\/07\/EDUCLAB_Training-Handbook_Presentation_1.1-EN.pdf\" target=\"_blank\" rel=\"noopener noreferrer\"><img aria-describedby=\"caption-attachment-2159\" decoding=\"async\" loading=\"lazy\" class=\"wp-image-2159 size-full\" title=\"Presentation Module 1.1\" src=\"https:\/\/www.educlab.eu\/wp-content\/uploads\/2021\/07\/EDUCLAB_Training-Handbook_Presentation_1-1.jpg\" alt=\"Presentation Module 1.1\" width=\"200\" height=\"150\" \/><\/a><p id=\"caption-attachment-2159\" class=\"wp-caption-text\">Presentation Module 1.1<\/p><\/div>\n<div id=\"attachment_2166\" style=\"width: 210px\" class=\"wp-caption alignleft\"><a href=\"https:\/\/www.educlab.eu\/wp-content\/uploads\/2021\/07\/EDUCLAB_Training-Handbook_Presentation_4.1.1-EN.pdf\" target=\"_blank\" rel=\"noopener noreferrer\"><img aria-describedby=\"caption-attachment-2166\" decoding=\"async\" loading=\"lazy\" class=\"wp-image-2166 size-full\" title=\"Presentation Module 4.1.1\" src=\"https:\/\/www.educlab.eu\/wp-content\/uploads\/2021\/07\/EDUCLAB_Training-Handbook_Presentation_4-1-1.jpg\" alt=\"Presentation Module 4.1.1\" width=\"200\" height=\"150\" \/><\/a><p id=\"caption-attachment-2166\" class=\"wp-caption-text\">Presentation Module 4.1.1<\/p><\/div>\n<div id=\"attachment_2173\" style=\"width: 210px\" class=\"wp-caption alignleft\"><a href=\"https:\/\/www.educlab.eu\/wp-content\/uploads\/2021\/07\/EDUCLAB_Training-Handbook_Presentation_4.1.2-EN.pdf\" target=\"_blank\" rel=\"noopener noreferrer\"><img aria-describedby=\"caption-attachment-2173\" decoding=\"async\" loading=\"lazy\" class=\"wp-image-2173 size-full\" title=\"Presentation Module 4.1.2\" src=\"https:\/\/www.educlab.eu\/wp-content\/uploads\/2021\/07\/EDUCLAB_Training-Handbook_Presentation_4-1-2.jpg\" alt=\"Presentation Module 4.1.2\" width=\"200\" height=\"150\" \/><\/a><p id=\"caption-attachment-2173\" class=\"wp-caption-text\">Presentation Module 4.1.2<\/p><\/div>\n<div id=\"attachment_2182\" style=\"width: 210px\" class=\"wp-caption alignleft\"><a href=\"https:\/\/www.educlab.eu\/wp-content\/uploads\/2021\/07\/EDUCLAB_Training-Handbook_Presentation_4.1.3-EN.pdf\" target=\"_blank\" rel=\"noopener noreferrer\"><img aria-describedby=\"caption-attachment-2182\" decoding=\"async\" loading=\"lazy\" class=\"wp-image-2182 size-full\" title=\"Presentation Module 4.1.3\" src=\"https:\/\/www.educlab.eu\/wp-content\/uploads\/2021\/07\/EDUCLAB_Training-Handbook_Presentation_4-1-3.jpg\" alt=\"Presentation Module 4.1.3\" width=\"200\" height=\"150\" \/><\/a><p id=\"caption-attachment-2182\" class=\"wp-caption-text\">Presentation Module 4.1.3<\/p><\/div>\n<div id=\"attachment_2189\" style=\"width: 210px\" class=\"wp-caption alignleft\"><a href=\"https:\/\/www.educlab.eu\/wp-content\/uploads\/2021\/07\/EDUCLAB_Training-Handbook_Presentation_4.1.4-EN.pdf\" target=\"_blank\" rel=\"noopener noreferrer\"><img aria-describedby=\"caption-attachment-2189\" decoding=\"async\" loading=\"lazy\" class=\"wp-image-2189 size-full\" title=\"Presentation Module 4.1.4\" src=\"https:\/\/www.educlab.eu\/wp-content\/uploads\/2021\/07\/EDUCLAB_Training-Handbook_Presentation_4-1-4.jpg\" alt=\"Presentation Module 4.1.4\" width=\"200\" height=\"150\" \/><\/a><p id=\"caption-attachment-2189\" class=\"wp-caption-text\">Presentation Module 4.1.4<\/p><\/div>\n<div id=\"attachment_2196\" style=\"width: 210px\" class=\"wp-caption alignnone\"><a href=\"https:\/\/www.educlab.eu\/wp-content\/uploads\/2021\/07\/EDUCLAB_Training-Handbook_Presentation_4.2-EN.pdf\" target=\"_blank\" rel=\"noopener noreferrer\"><img aria-describedby=\"caption-attachment-2196\" decoding=\"async\" loading=\"lazy\" class=\"wp-image-2196 size-full\" title=\"Presentation Module 4.2\" src=\"https:\/\/www.educlab.eu\/wp-content\/uploads\/2021\/07\/EDUCLAB_Training-Handbook_Presentation_4-2.jpg\" alt=\"Presentation Module 4.2\" width=\"200\" height=\"150\" \/><\/a><p id=\"caption-attachment-2196\" class=\"wp-caption-text\">Presentation Module 4.2<\/p><\/div>\n<div id=\"attachment_2203\" style=\"width: 210px\" class=\"wp-caption alignleft\"><a href=\"https:\/\/www.educlab.eu\/wp-content\/uploads\/2021\/07\/EDUCLAB_Training-Handbook_Presentation_5.1-EN.pdf\" target=\"_blank\" rel=\"noopener noreferrer\"><img aria-describedby=\"caption-attachment-2203\" decoding=\"async\" loading=\"lazy\" class=\"wp-image-2203 size-full\" title=\"Presentation Module 5.1\" src=\"https:\/\/www.educlab.eu\/wp-content\/uploads\/2021\/07\/EDUCLAB_Training-Handbook_Presentation_5-1.jpg\" alt=\"Presentation Module 5.1\" width=\"200\" height=\"150\" \/><\/a><p id=\"caption-attachment-2203\" class=\"wp-caption-text\">Presentation Module 5.1<\/p><\/div>\n<div id=\"attachment_2210\" style=\"width: 210px\" class=\"wp-caption alignleft\"><a href=\"https:\/\/www.educlab.eu\/wp-content\/uploads\/2021\/07\/EDUCLAB_Training-Handbook_Presentation_5.2-EN.pdf\" target=\"_blank\" rel=\"noopener noreferrer\"><img aria-describedby=\"caption-attachment-2210\" decoding=\"async\" loading=\"lazy\" class=\"wp-image-2210 size-full\" title=\"Presentation Module 5.2\" src=\"https:\/\/www.educlab.eu\/wp-content\/uploads\/2021\/07\/EDUCLAB_Training-Handbook_Presentation_5-2.jpg\" alt=\"Presentation Module 5.2\" width=\"200\" height=\"150\" \/><\/a><p id=\"caption-attachment-2210\" class=\"wp-caption-text\">Presentation Module 5.2<\/p><\/div>\n<div id=\"attachment_2217\" style=\"width: 210px\" class=\"wp-caption alignleft\"><a href=\"https:\/\/www.educlab.eu\/wp-content\/uploads\/2021\/07\/EDUCLAB_Training-Handbook_Presentation_5.3-EN.pdf\" target=\"_blank\" rel=\"noopener noreferrer\"><img aria-describedby=\"caption-attachment-2217\" decoding=\"async\" loading=\"lazy\" class=\"wp-image-2217 size-full\" title=\"Presentation Module 5.3\" src=\"https:\/\/www.educlab.eu\/wp-content\/uploads\/2021\/07\/EDUCLAB_Training-Handbook_Presentation_5-3.jpg\" alt=\"Presentation Module 5.3\" width=\"200\" height=\"150\" \/><\/a><p id=\"caption-attachment-2217\" class=\"wp-caption-text\">Presentation Module 5.3<\/p><\/div>\n<div id=\"attachment_2224\" style=\"width: 210px\" class=\"wp-caption alignleft\"><a href=\"https:\/\/www.educlab.eu\/wp-content\/uploads\/2021\/07\/EDUCLAB_Training-Handbook_Presentation_5.4-EN.pdf\" target=\"_blank\" rel=\"noopener noreferrer\"><img aria-describedby=\"caption-attachment-2224\" decoding=\"async\" loading=\"lazy\" class=\"wp-image-2224 size-full\" title=\"Presentation Module 5.4\" src=\"https:\/\/www.educlab.eu\/wp-content\/uploads\/2021\/07\/EDUCLAB_Training-Handbook_Presentation_5-4.jpg\" alt=\"Presentation Module 5.4\" width=\"200\" height=\"150\" \/><\/a><p id=\"caption-attachment-2224\" class=\"wp-caption-text\">Presentation Module 5.4<\/p><\/div>\n<h2 style=\"clear: both;\">IO2: EDUCLAB Modul de Editare Video<\/h2>\n<p><a href=\"https:\/\/www.educlab.eu\/wp-content\/uploads\/2021\/07\/EDUCLAB_VideoEditingModule_RO.pdf\" target=\"_blank\" rel=\"noopener noreferrer\"><img decoding=\"async\" loading=\"lazy\" class=\"alignnone size-full wp-image-1808\" src=\"https:\/\/www.educlab.eu\/wp-content\/uploads\/2021\/07\/EDCULAB-Video-Editing-Module-RO.jpg\" alt=\"\" width=\"141\" height=\"200\" \/><\/a><\/p>\n<h2>IO3: Instrumentar EDUCLAB<\/h2>\n<p><a href=\"https:\/\/www.educlab.eu\/wp-content\/uploads\/2020\/11\/EDUCLAB_Toolkit_RO.pdf\" target=\"_blank\" rel=\"noopener noreferrer\"><img decoding=\"async\" loading=\"lazy\" class=\"alignnone size-full wp-image-1808\" src=\"https:\/\/www.educlab.eu\/wp-content\/uploads\/2020\/11\/EDUCLAB_Toolkit_RO-1.jpg\" alt=\"\" width=\"141\" height=\"200\" \/><\/a><\/p>\n<h2>IO4: Tutoriale video<\/h2>\n<p><iframe loading=\"lazy\" src=\"https:\/\/www.youtube-nocookie.com\/embed\/J-JOgjD6OlE\" width=\"330\" height=\"220\" frameborder=\"0\" allowfullscreen=\"allowfullscreen\"><\/iframe>   <iframe loading=\"lazy\" src=\"https:\/\/www.youtube-nocookie.com\/embed\/qoBGNEMToFk\" width=\"330\" height=\"220\" frameborder=\"0\" allowfullscreen=\"allowfullscreen\"><\/iframe>   <iframe loading=\"lazy\" src=\"https:\/\/www.youtube-nocookie.com\/embed\/vQlGMYzd8LI\" width=\"330\" height=\"220\" frameborder=\"0\" allowfullscreen=\"allowfullscreen\"><\/iframe>   <iframe loading=\"lazy\" src=\"https:\/\/www.youtube-nocookie.com\/embed\/1_oCzNuLqlI\" width=\"330\" height=\"220\" frameborder=\"0\" allowfullscreen=\"allowfullscreen\"><\/iframe>   <iframe loading=\"lazy\" src=\"https:\/\/www.youtube-nocookie.com\/embed\/gcJHl80kC5s\" width=\"330\" height=\"220\" frameborder=\"0\" allowfullscreen=\"allowfullscreen\"><\/iframe><\/p>\n<h2>IO4: Cultural Workshops<\/h2>\n<p><iframe loading=\"lazy\" src=\"https:\/\/www.youtube-nocookie.com\/embed\/61KjG4A_MHc\" width=\"330\" height=\"220\" frameborder=\"0\" allowfullscreen=\"allowfullscreen\"><\/iframe>   <iframe loading=\"lazy\" src=\"https:\/\/www.youtube-nocookie.com\/embed\/IiAVBi0psto\" width=\"330\" height=\"220\" frameborder=\"0\" allowfullscreen=\"allowfullscreen\"><\/iframe>   <iframe loading=\"lazy\" src=\"https:\/\/www.youtube-nocookie.com\/embed\/G3aaxpd22I4\" width=\"330\" height=\"220\" frameborder=\"0\" allowfullscreen=\"allowfullscreen\"><\/iframe>   <iframe loading=\"lazy\" src=\"https:\/\/www.youtube-nocookie.com\/embed\/OkKOha8Zefk\" width=\"330\" height=\"220\" frameborder=\"0\" allowfullscreen=\"allowfullscreen\"><\/iframe>   <iframe loading=\"lazy\" src=\"https:\/\/www.youtube-nocookie.com\/embed\/wvINWdqwUmI\" width=\"330\" height=\"220\" frameborder=\"0\" allowfullscreen=\"allowfullscreen\"><\/iframe><\/p>\n","protected":false},"excerpt":{"rendered":"<p>Din aceast\u0103 zon\u0103 este posibil\u0103 desc\u0103rcarea: Bro\u0219ur\u0103 Buletin informativ IO1: Ghidul EDUCLAB IO2: EDUCLAB Manual de formare IO2: EDUCLAB Manual de formare (PowerPoint Presentations ENG) IO2: EDUCLAB Modul de Editare Video IO3: Instrumentar EDUCLAB IO4: Tutoriale video IO4: Cultural Workshops<\/p>\n","protected":false},"author":2,"featured_media":734,"parent":0,"menu_order":0,"comment_status":"closed","ping_status":"closed","template":"","meta":[],"acf":[],"_links":{"self":[{"href":"https:\/\/www.educlab.eu\/ro\/wp-json\/wp\/v2\/pages\/1283"}],"collection":[{"href":"https:\/\/www.educlab.eu\/ro\/wp-json\/wp\/v2\/pages"}],"about":[{"href":"https:\/\/www.educlab.eu\/ro\/wp-json\/wp\/v2\/types\/page"}],"author":[{"embeddable":true,"href":"https:\/\/www.educlab.eu\/ro\/wp-json\/wp\/v2\/users\/2"}],"replies":[{"embeddable":true,"href":"https:\/\/www.educlab.eu\/ro\/wp-json\/wp\/v2\/comments?post=1283"}],"version-history":[{"count":21,"href":"https:\/\/www.educlab.eu\/ro\/wp-json\/wp\/v2\/pages\/1283\/revisions"}],"predecessor-version":[{"id":2572,"href":"https:\/\/www.educlab.eu\/ro\/wp-json\/wp\/v2\/pages\/1283\/revisions\/2572"}],"wp:featuredmedia":[{"embeddable":true,"href":"https:\/\/www.educlab.eu\/ro\/wp-json\/wp\/v2\/media\/734"}],"wp:attachment":[{"href":"https:\/\/www.educlab.eu\/ro\/wp-json\/wp\/v2\/media?parent=1283"}],"curies":[{"name":"wp","href":"https:\/\/api.w.org\/{rel}","templated":true}]}}