{"id":823,"date":"2019-02-11T14:44:17","date_gmt":"2019-02-11T14:44:17","guid":{"rendered":"https:\/\/www.educlab.eu\/grupos-alvo\/"},"modified":"2019-02-28T17:08:16","modified_gmt":"2019-02-28T17:08:16","slug":"grupul-tinta","status":"publish","type":"page","link":"https:\/\/www.educlab.eu\/ro\/grupul-tinta\/","title":{"rendered":"Grupul \u021aint\u0103"},"content":{"rendered":"<p>Proiectul EDUCLAB \u00ee\u0219i propune implicarea direct\u0103 a grupului \u021bint\u0103 al cadrelor didactice din unit\u0103\u021bile pre\u0219colare \u00een urm\u0103toarele activit\u0103\u021bi:<\/p>\n<ul class=\"listLink\" >\n<li><strong>IO1 Ghidul EDUCLAB:<\/strong> pentru a elabora Ghidul, vor fi selecta\u021bi din fiecare \u021bar\u0103 partener\u0103 (organiza\u021bii partenere) 10 cadre didactice din \u00eenv\u0103\u021b\u0103m\u00e2ntul pre\u0219colar\/al\u021bi membri ai personalului care lucreaz\u0103 cu copii de 3-5 ani. Ei vor participa la ateliere de lucru organizate \u00een fiecare \u021bar\u0103 partener\u0103. Focus-grupurile sunt destinate s\u0103 analizeze lacunele de competen\u021b\u0103 ale educatorilor din unit\u0103\u021bile pre\u0219colare, \u00een vederea preg\u0103tirii acestora.<\/li>\n<li><strong>IO2 Manual de formare EDUCLAB<\/strong> pentru formarea personalului din unit\u0103\u021bile pre\u0219colare pentru implementarea atelierelor de lucru \u00een domeniul culturii. Testarea \u0219i pilotarea programului de formare elaborat este prev\u0103zut\u0103 \u00een toate \u021b\u0103rile partenere, cu 10 participan\u021bi care au fost implica\u021bi \u00een realizarea ghidului anterior.<\/li>\n<li><strong>IO3 EDUCLAB Toolkit<\/strong>, set de instrumente pentru a oferi mijloace practice profesorilor din unit\u0103\u021bile pre\u0219colare de a pune \u00een practic\u0103 atelierele culturale \u00een sala de clas\u0103, cu descriere pas cu pas a modului de desf\u0103\u0219urare a activit\u0103\u021bilor.<\/li>\n<li><strong>IO4 Platforma online \u0219i ateliere culturale EDUCLAB<\/strong> pentru punerea \u00een practic\u0103 prin implementarea a cel pu\u021bin 4 ateliere culturale din fiecare \u021bar\u0103 partener\u0103 (implic\u00e2nd un num\u0103r total de 625 de copii la nivelul UE) a celor \u00eenv\u0103\u021bate de c\u0103tre profesorii din unit\u0103\u021bile pre\u0219colare \u00een cadrul proiectului. \u00cen aceast\u0103 faz\u0103 vor fi realizate tutoriale video care vor fi distribuite pe platforma online.<\/li>\n<li><strong>ACTIVIT\u0102\u021aI DE \u00ceNV\u0102\u021aARE, FORMARE, PREDARE<\/strong> Formarea are drept scop dezvoltarea unei abord\u0103ri unice europene din cadrul atelierelor de lucru pentru copii cu v\u00e2rsta de 3-5 ani \u0219i utilizarea rezultatelor proiectului (IO2 \u0219i IO3). Activitatea va consta \u00een formarea a c\u00e2tor 2 participan\u021bi din fiecare \u021bar\u0103 partener\u0103 timp de 5 zile \u00een Floren\u021ba, Italia.<\/li>\n<\/ul>\n","protected":false},"excerpt":{"rendered":"<p>Proiectul EDUCLAB \u00ee\u0219i propune implicarea direct\u0103 a grupului \u021bint\u0103 al cadrelor didactice din unit\u0103\u021bile pre\u0219colare \u00een urm\u0103toarele activit\u0103\u021bi: IO1 Ghidul EDUCLAB: pentru a elabora Ghidul, vor fi selecta\u021bi din fiecare \u021bar\u0103 partener\u0103 (organiza\u021bii partenere) 10 cadre didactice din \u00eenv\u0103\u021b\u0103m\u00e2ntul pre\u0219colar\/al\u021bi &hellip; <a href=\"https:\/\/www.educlab.eu\/ro\/grupul-tinta\/\">Continue reading <span class=\"meta-nav\">&rarr;<\/span><\/a><\/p>\n","protected":false},"author":2,"featured_media":734,"parent":0,"menu_order":0,"comment_status":"closed","ping_status":"closed","template":"","meta":[],"acf":[],"_links":{"self":[{"href":"https:\/\/www.educlab.eu\/ro\/wp-json\/wp\/v2\/pages\/823"}],"collection":[{"href":"https:\/\/www.educlab.eu\/ro\/wp-json\/wp\/v2\/pages"}],"about":[{"href":"https:\/\/www.educlab.eu\/ro\/wp-json\/wp\/v2\/types\/page"}],"author":[{"embeddable":true,"href":"https:\/\/www.educlab.eu\/ro\/wp-json\/wp\/v2\/users\/2"}],"replies":[{"embeddable":true,"href":"https:\/\/www.educlab.eu\/ro\/wp-json\/wp\/v2\/comments?post=823"}],"version-history":[{"count":3,"href":"https:\/\/www.educlab.eu\/ro\/wp-json\/wp\/v2\/pages\/823\/revisions"}],"predecessor-version":[{"id":870,"href":"https:\/\/www.educlab.eu\/ro\/wp-json\/wp\/v2\/pages\/823\/revisions\/870"}],"wp:featuredmedia":[{"embeddable":true,"href":"https:\/\/www.educlab.eu\/ro\/wp-json\/wp\/v2\/media\/734"}],"wp:attachment":[{"href":"https:\/\/www.educlab.eu\/ro\/wp-json\/wp\/v2\/media?parent=823"}],"curies":[{"name":"wp","href":"https:\/\/api.w.org\/{rel}","templated":true}]}}