{"id":1284,"date":"2019-06-25T15:57:05","date_gmt":"2019-06-25T15:57:05","guid":{"rendered":"https:\/\/www.educlab.eu\/?page_id=1284"},"modified":"2021-09-28T10:28:10","modified_gmt":"2021-09-28T10:28:10","slug":"indirme-ve-kaynaklar","status":"publish","type":"page","link":"https:\/\/www.educlab.eu\/tr\/indirme-ve-kaynaklar\/","title":{"rendered":"\u0130ndirme ve Kaynaklar"},"content":{"rendered":"<p>Bu alandan \u015funlar\u0131 indirebilirsiniz:<\/p>\n<h2>Bro\u015f\u00fcr\u00fc<\/h2>\n<p><a href=\"https:\/\/www.educlab.eu\/wp-content\/uploads\/2019\/06\/Flyer_Educlab_TR.pdf\" target=\"_blank\" rel=\"noopener noreferrer\"><img decoding=\"async\" loading=\"lazy\" class=\"alignnone wp-image-1285 size-full\" src=\"https:\/\/www.educlab.eu\/wp-content\/uploads\/2019\/06\/Flyer_Educlab.jpg\" alt=\"\" width=\"283\" height=\"200\" \/><\/a><\/p>\n<h2>B\u00fclten<\/h2>\n<div id=\"attachment_1454\" style=\"width: 151px\" class=\"wp-caption alignleft\"><a href=\"https:\/\/www.educlab.eu\/wp-content\/uploads\/2019\/09\/Educlab-newsletter-nr1-TR.pdf\" target=\"_blank\" rel=\"noopener noreferrer\"><img aria-describedby=\"caption-attachment-1454\" decoding=\"async\" loading=\"lazy\" class=\"wp-image-1454 size-full\" src=\"https:\/\/www.educlab.eu\/wp-content\/uploads\/2019\/09\/Educlab-newsletter-nr1-EN_Pagina_1.jpg\" alt=\"\" width=\"141\" height=\"200\" \/><\/a><p id=\"caption-attachment-1454\" class=\"wp-caption-text\">Newsletter N\u00b01<\/p><\/div>\n<div id=\"attachment_1687\" style=\"width: 151px\" class=\"wp-caption alignleft\"><a href=\"https:\/\/www.educlab.eu\/wp-content\/uploads\/2020\/11\/Educlab-newsletter-nr2-TR.pdf\" target=\"_blank\" rel=\"noopener noreferrer\"><img aria-describedby=\"caption-attachment-1687\" decoding=\"async\" loading=\"lazy\" class=\"wp-image-1687 size-full\" src=\"https:\/\/www.educlab.eu\/wp-content\/uploads\/2020\/11\/Educlab-newsletter-nr2-EN_Pagina_1.jpg\" alt=\"\" width=\"141\" height=\"200\" \/><\/a><p id=\"caption-attachment-1687\" class=\"wp-caption-text\">Newsletter N\u00b02<\/p><\/div>\n<div id=\"attachment_1687\" style=\"width: 151px\" class=\"wp-caption alignleft\"><a href=\"https:\/\/www.educlab.eu\/wp-content\/uploads\/2021\/07\/Educlab-newsletter-nr3-TR.pdf\" target=\"_blank\" rel=\"noopener noreferrer\"><img aria-describedby=\"caption-attachment-1687\" decoding=\"async\" loading=\"lazy\" class=\"wp-image-1687 size-full\" src=\"https:\/\/www.educlab.eu\/wp-content\/uploads\/2021\/07\/Educlab-newsletter-nr3-TR-1.jpg\" alt=\"\" width=\"141\" height=\"200\" \/><\/a><p id=\"caption-attachment-1687\" class=\"wp-caption-text\">Newsletter N\u00b03<\/p><\/div>\n<div id=\"attachment_1687\" style=\"width: 151px\" class=\"wp-caption alignleft\"><a href=\"https:\/\/www.educlab.eu\/wp-content\/uploads\/2021\/09\/Educlab-newsletter-nr4-TR.pdf\" target=\"_blank\" rel=\"noopener noreferrer\"><img aria-describedby=\"caption-attachment-1687\" decoding=\"async\" loading=\"lazy\" class=\"wp-image-1687 size-full\" src=\"https:\/\/www.educlab.eu\/wp-content\/uploads\/2021\/09\/Educlab-newsletter-nr4-EN.jpg\" alt=\"\" width=\"141\" height=\"200\" \/><\/a><p id=\"caption-attachment-1687\" class=\"wp-caption-text\">Newsletter N\u00b04<\/p><\/div>\n<h2 style=\"clear: both;\">IO1: EDUCLAB Kilavuzu<\/h2>\n<p><a href=\"https:\/\/www.educlab.eu\/wp-content\/uploads\/2019\/10\/IO1_EDUCLAB-Guidelines_TR.pdf\" target=\"_blank\" rel=\"noopener noreferrer\"><img decoding=\"async\" loading=\"lazy\" class=\"alignnone wp-image-1285 size-full\" src=\"https:\/\/www.educlab.eu\/wp-content\/uploads\/2019\/10\/IO1_EDUCLAB-Guidelines_TR_Pagina_01-1.png\" alt=\"\" width=\"141\" height=\"200\" \/><\/a><\/p>\n<h2>IO2: EDUCLAB E\u011fitim Elkitab\u0131<\/h2>\n<p><a href=\"https:\/\/www.educlab.eu\/wp-content\/uploads\/2021\/07\/EDUCLAB-Training-Handbook-TR.pdf\" target=\"_blank\" rel=\"noopener noreferrer\"><img decoding=\"async\" loading=\"lazy\" class=\"alignnone size-full wp-image-1808\" src=\"https:\/\/www.educlab.eu\/wp-content\/uploads\/2021\/07\/EDUCLAB-Training-Handbook-TR.jpg\" alt=\"\" width=\"141\" height=\"200\" \/><\/a><\/p>\n<h2>IO2: EDUCLAB E\u011fitim Elkitab\u0131 (PowerPoint Presentations ENG)<\/h2>\n<div id=\"attachment_2159\" style=\"width: 210px\" class=\"wp-caption alignnone\"><a href=\"https:\/\/www.educlab.eu\/wp-content\/uploads\/2021\/07\/EDUCLAB_Training-Handbook_Presentation_1.1-EN.pdf\" target=\"_blank\" rel=\"noopener noreferrer\"><img aria-describedby=\"caption-attachment-2159\" decoding=\"async\" loading=\"lazy\" class=\"wp-image-2159 size-full\" title=\"Presentation Module 1.1\" src=\"https:\/\/www.educlab.eu\/wp-content\/uploads\/2021\/07\/EDUCLAB_Training-Handbook_Presentation_1-1.jpg\" alt=\"Presentation Module 1.1\" width=\"200\" height=\"150\" \/><\/a><p id=\"caption-attachment-2159\" class=\"wp-caption-text\">Presentation Module 1.1<\/p><\/div>\n<div id=\"attachment_2166\" style=\"width: 210px\" class=\"wp-caption alignleft\"><a href=\"https:\/\/www.educlab.eu\/wp-content\/uploads\/2021\/07\/EDUCLAB_Training-Handbook_Presentation_4.1.1-EN.pdf\" target=\"_blank\" rel=\"noopener noreferrer\"><img aria-describedby=\"caption-attachment-2166\" decoding=\"async\" loading=\"lazy\" class=\"wp-image-2166 size-full\" title=\"Presentation Module 4.1.1\" src=\"https:\/\/www.educlab.eu\/wp-content\/uploads\/2021\/07\/EDUCLAB_Training-Handbook_Presentation_4-1-1.jpg\" alt=\"Presentation Module 4.1.1\" width=\"200\" height=\"150\" \/><\/a><p id=\"caption-attachment-2166\" class=\"wp-caption-text\">Presentation Module 4.1.1<\/p><\/div>\n<div id=\"attachment_2173\" style=\"width: 210px\" class=\"wp-caption alignleft\"><a href=\"https:\/\/www.educlab.eu\/wp-content\/uploads\/2021\/07\/EDUCLAB_Training-Handbook_Presentation_4.1.2-EN.pdf\" target=\"_blank\" rel=\"noopener noreferrer\"><img aria-describedby=\"caption-attachment-2173\" decoding=\"async\" loading=\"lazy\" class=\"wp-image-2173 size-full\" title=\"Presentation Module 4.1.2\" src=\"https:\/\/www.educlab.eu\/wp-content\/uploads\/2021\/07\/EDUCLAB_Training-Handbook_Presentation_4-1-2.jpg\" alt=\"Presentation Module 4.1.2\" width=\"200\" height=\"150\" \/><\/a><p id=\"caption-attachment-2173\" class=\"wp-caption-text\">Presentation Module 4.1.2<\/p><\/div>\n<div id=\"attachment_2182\" style=\"width: 210px\" class=\"wp-caption alignleft\"><a href=\"https:\/\/www.educlab.eu\/wp-content\/uploads\/2021\/07\/EDUCLAB_Training-Handbook_Presentation_4.1.3-EN.pdf\" target=\"_blank\" rel=\"noopener noreferrer\"><img aria-describedby=\"caption-attachment-2182\" decoding=\"async\" loading=\"lazy\" class=\"wp-image-2182 size-full\" title=\"Presentation Module 4.1.3\" src=\"https:\/\/www.educlab.eu\/wp-content\/uploads\/2021\/07\/EDUCLAB_Training-Handbook_Presentation_4-1-3.jpg\" alt=\"Presentation Module 4.1.3\" width=\"200\" height=\"150\" \/><\/a><p id=\"caption-attachment-2182\" class=\"wp-caption-text\">Presentation Module 4.1.3<\/p><\/div>\n<div id=\"attachment_2189\" style=\"width: 210px\" class=\"wp-caption alignleft\"><a href=\"https:\/\/www.educlab.eu\/wp-content\/uploads\/2021\/07\/EDUCLAB_Training-Handbook_Presentation_4.1.4-EN.pdf\" target=\"_blank\" rel=\"noopener noreferrer\"><img aria-describedby=\"caption-attachment-2189\" decoding=\"async\" loading=\"lazy\" class=\"wp-image-2189 size-full\" title=\"Presentation Module 4.1.4\" src=\"https:\/\/www.educlab.eu\/wp-content\/uploads\/2021\/07\/EDUCLAB_Training-Handbook_Presentation_4-1-4.jpg\" alt=\"Presentation Module 4.1.4\" width=\"200\" height=\"150\" \/><\/a><p id=\"caption-attachment-2189\" class=\"wp-caption-text\">Presentation Module 4.1.4<\/p><\/div>\n<div id=\"attachment_2196\" style=\"width: 210px\" class=\"wp-caption alignnone\"><a href=\"https:\/\/www.educlab.eu\/wp-content\/uploads\/2021\/07\/EDUCLAB_Training-Handbook_Presentation_4.2-EN.pdf\" target=\"_blank\" rel=\"noopener noreferrer\"><img aria-describedby=\"caption-attachment-2196\" decoding=\"async\" loading=\"lazy\" class=\"wp-image-2196 size-full\" title=\"Presentation Module 4.2\" src=\"https:\/\/www.educlab.eu\/wp-content\/uploads\/2021\/07\/EDUCLAB_Training-Handbook_Presentation_4-2.jpg\" alt=\"Presentation Module 4.2\" width=\"200\" height=\"150\" \/><\/a><p id=\"caption-attachment-2196\" class=\"wp-caption-text\">Presentation Module 4.2<\/p><\/div>\n<div id=\"attachment_2203\" style=\"width: 210px\" class=\"wp-caption alignleft\"><a href=\"https:\/\/www.educlab.eu\/wp-content\/uploads\/2021\/07\/EDUCLAB_Training-Handbook_Presentation_5.1-EN.pdf\" target=\"_blank\" rel=\"noopener noreferrer\"><img aria-describedby=\"caption-attachment-2203\" decoding=\"async\" loading=\"lazy\" class=\"wp-image-2203 size-full\" title=\"Presentation Module 5.1\" src=\"https:\/\/www.educlab.eu\/wp-content\/uploads\/2021\/07\/EDUCLAB_Training-Handbook_Presentation_5-1.jpg\" alt=\"Presentation Module 5.1\" width=\"200\" height=\"150\" \/><\/a><p id=\"caption-attachment-2203\" class=\"wp-caption-text\">Presentation Module 5.1<\/p><\/div>\n<div id=\"attachment_2210\" style=\"width: 210px\" class=\"wp-caption alignleft\"><a href=\"https:\/\/www.educlab.eu\/wp-content\/uploads\/2021\/07\/EDUCLAB_Training-Handbook_Presentation_5.2-EN.pdf\" target=\"_blank\" rel=\"noopener noreferrer\"><img aria-describedby=\"caption-attachment-2210\" decoding=\"async\" loading=\"lazy\" class=\"wp-image-2210 size-full\" title=\"Presentation Module 5.2\" src=\"https:\/\/www.educlab.eu\/wp-content\/uploads\/2021\/07\/EDUCLAB_Training-Handbook_Presentation_5-2.jpg\" alt=\"Presentation Module 5.2\" width=\"200\" height=\"150\" \/><\/a><p id=\"caption-attachment-2210\" class=\"wp-caption-text\">Presentation Module 5.2<\/p><\/div>\n<div id=\"attachment_2217\" style=\"width: 210px\" class=\"wp-caption alignleft\"><a href=\"https:\/\/www.educlab.eu\/wp-content\/uploads\/2021\/07\/EDUCLAB_Training-Handbook_Presentation_5.3-EN.pdf\" target=\"_blank\" rel=\"noopener noreferrer\"><img aria-describedby=\"caption-attachment-2217\" decoding=\"async\" loading=\"lazy\" class=\"wp-image-2217 size-full\" title=\"Presentation Module 5.3\" src=\"https:\/\/www.educlab.eu\/wp-content\/uploads\/2021\/07\/EDUCLAB_Training-Handbook_Presentation_5-3.jpg\" alt=\"Presentation Module 5.3\" width=\"200\" height=\"150\" \/><\/a><p id=\"caption-attachment-2217\" class=\"wp-caption-text\">Presentation Module 5.3<\/p><\/div>\n<div id=\"attachment_2224\" style=\"width: 210px\" class=\"wp-caption alignleft\"><a href=\"https:\/\/www.educlab.eu\/wp-content\/uploads\/2021\/07\/EDUCLAB_Training-Handbook_Presentation_5.4-EN.pdf\" target=\"_blank\" rel=\"noopener noreferrer\"><img aria-describedby=\"caption-attachment-2224\" decoding=\"async\" loading=\"lazy\" class=\"wp-image-2224 size-full\" title=\"Presentation Module 5.4\" src=\"https:\/\/www.educlab.eu\/wp-content\/uploads\/2021\/07\/EDUCLAB_Training-Handbook_Presentation_5-4.jpg\" alt=\"Presentation Module 5.4\" width=\"200\" height=\"150\" \/><\/a><p id=\"caption-attachment-2224\" class=\"wp-caption-text\">Presentation Module 5.4<\/p><\/div>\n<h2 style=\"clear: both;\">IO2: EDUCLAB Video Kurgu Mod\u00fcl\u00fc<\/h2>\n<p><a href=\"https:\/\/www.educlab.eu\/wp-content\/uploads\/2021\/07\/EDUCLAB_VideoEditingModule_TR.pdf\" target=\"_blank\" rel=\"noopener noreferrer\"><img decoding=\"async\" loading=\"lazy\" class=\"alignnone size-full wp-image-1808\" src=\"https:\/\/www.educlab.eu\/wp-content\/uploads\/2021\/07\/EDCULAB-Video-Editing-Module-TR.jpg\" alt=\"\" width=\"141\" height=\"200\" \/><\/a><\/p>\n<h2>IO3: EDUCLAB Ara\u00e7 Tak\u0131m\u0131<\/h2>\n<p><a href=\"https:\/\/www.educlab.eu\/wp-content\/uploads\/2020\/11\/EDUCLAB_Toolkit_TR.pdf\" target=\"_blank\" rel=\"noopener noreferrer\"><img decoding=\"async\" loading=\"lazy\" class=\"alignnone size-full wp-image-1808\" src=\"https:\/\/www.educlab.eu\/wp-content\/uploads\/2020\/11\/EDUCLAB_Toolkit_TR-1.jpg\" alt=\"\" width=\"141\" height=\"200\" \/><\/a><\/p>\n<h2>IO4: Video E\u011fitimleri<\/h2>\n<p><iframe loading=\"lazy\" src=\"https:\/\/www.youtube-nocookie.com\/embed\/XW7AGzt4n8k\" width=\"330\" height=\"220\" frameborder=\"0\" allowfullscreen=\"allowfullscreen\"><\/iframe>   <iframe loading=\"lazy\" src=\"https:\/\/www.youtube-nocookie.com\/embed\/XnhBdZQM3tU\" width=\"330\" height=\"220\" frameborder=\"0\" allowfullscreen=\"allowfullscreen\"><\/iframe>   <iframe loading=\"lazy\" src=\"https:\/\/www.youtube-nocookie.com\/embed\/Bqck8TYfy4E\" width=\"330\" height=\"220\" frameborder=\"0\" allowfullscreen=\"allowfullscreen\"><\/iframe>   <iframe loading=\"lazy\" src=\"https:\/\/www.youtube-nocookie.com\/embed\/cbM1a79LFSo\" width=\"330\" height=\"220\" frameborder=\"0\" allowfullscreen=\"allowfullscreen\"><\/iframe>   <iframe loading=\"lazy\" src=\"https:\/\/www.youtube-nocookie.com\/embed\/5MEAtKMlk_Q\" width=\"330\" height=\"220\" frameborder=\"0\" allowfullscreen=\"allowfullscreen\"><\/iframe><\/p>\n<h2>IO4: Cultural Workshops<\/h2>\n<p><iframe loading=\"lazy\" src=\"https:\/\/www.youtube-nocookie.com\/embed\/61KjG4A_MHc\" width=\"330\" height=\"220\" frameborder=\"0\" allowfullscreen=\"allowfullscreen\"><\/iframe>   <iframe loading=\"lazy\" src=\"https:\/\/www.youtube-nocookie.com\/embed\/IiAVBi0psto\" width=\"330\" height=\"220\" frameborder=\"0\" allowfullscreen=\"allowfullscreen\"><\/iframe>   <iframe loading=\"lazy\" src=\"https:\/\/www.youtube-nocookie.com\/embed\/G3aaxpd22I4\" width=\"330\" height=\"220\" frameborder=\"0\" allowfullscreen=\"allowfullscreen\"><\/iframe>   <iframe loading=\"lazy\" src=\"https:\/\/www.youtube-nocookie.com\/embed\/OkKOha8Zefk\" width=\"330\" height=\"220\" frameborder=\"0\" allowfullscreen=\"allowfullscreen\"><\/iframe>   <iframe loading=\"lazy\" src=\"https:\/\/www.youtube-nocookie.com\/embed\/wvINWdqwUmI\" width=\"330\" height=\"220\" frameborder=\"0\" allowfullscreen=\"allowfullscreen\"><\/iframe><\/p>\n","protected":false},"excerpt":{"rendered":"<p>Bu alandan \u015funlar\u0131 indirebilirsiniz: Bro\u015f\u00fcr\u00fc B\u00fclten IO1: EDUCLAB Kilavuzu IO2: EDUCLAB E\u011fitim Elkitab\u0131 IO2: EDUCLAB E\u011fitim Elkitab\u0131 (PowerPoint Presentations ENG) IO2: EDUCLAB Video Kurgu Mod\u00fcl\u00fc IO3: EDUCLAB Ara\u00e7 Tak\u0131m\u0131 IO4: Video E\u011fitimleri IO4: Cultural Workshops<\/p>\n","protected":false},"author":2,"featured_media":735,"parent":0,"menu_order":0,"comment_status":"closed","ping_status":"closed","template":"","meta":[],"acf":[],"_links":{"self":[{"href":"https:\/\/www.educlab.eu\/tr\/wp-json\/wp\/v2\/pages\/1284"}],"collection":[{"href":"https:\/\/www.educlab.eu\/tr\/wp-json\/wp\/v2\/pages"}],"about":[{"href":"https:\/\/www.educlab.eu\/tr\/wp-json\/wp\/v2\/types\/page"}],"author":[{"embeddable":true,"href":"https:\/\/www.educlab.eu\/tr\/wp-json\/wp\/v2\/users\/2"}],"replies":[{"embeddable":true,"href":"https:\/\/www.educlab.eu\/tr\/wp-json\/wp\/v2\/comments?post=1284"}],"version-history":[{"count":24,"href":"https:\/\/www.educlab.eu\/tr\/wp-json\/wp\/v2\/pages\/1284\/revisions"}],"predecessor-version":[{"id":2573,"href":"https:\/\/www.educlab.eu\/tr\/wp-json\/wp\/v2\/pages\/1284\/revisions\/2573"}],"wp:featuredmedia":[{"embeddable":true,"href":"https:\/\/www.educlab.eu\/tr\/wp-json\/wp\/v2\/media\/735"}],"wp:attachment":[{"href":"https:\/\/www.educlab.eu\/tr\/wp-json\/wp\/v2\/media?parent=1284"}],"curies":[{"name":"wp","href":"https:\/\/api.w.org\/{rel}","templated":true}]}}