{"id":817,"date":"2019-02-11T14:44:17","date_gmt":"2019-02-11T14:44:17","guid":{"rendered":"https:\/\/www.educlab.eu\/destinatari\/"},"modified":"2019-02-28T17:08:37","modified_gmt":"2019-02-28T17:08:37","slug":"hedef-gruplar","status":"publish","type":"page","link":"https:\/\/www.educlab.eu\/tr\/hedef-gruplar\/","title":{"rendered":"Hedef Gruplar"},"content":{"rendered":"<p>EDUCLAB projesi, E\u00c7EB (erken \u00e7ocuk e\u011fitimi ve bak\u0131m\u0131) \u00f6\u011fretmenlerini do\u011frudan hedef grup olarak a\u015fa\u011f\u0131daki faaliyetlere dahil etmeyi ama\u00e7lamaktad\u0131r:<\/p>\n<ul class=\"listLink\" >\n<li><strong>IO1 EDUCLAB Rehberi:<\/strong> Rehberi geli\u015ftirmek amac\u0131yla her bir ortak \u00fclkede 10 okul \u00f6ncesi \u00f6\u011fretmen veya 3-5 ya\u015f grubu \u00e7ocuklarla \u00e7al\u0131\u015fan personel se\u00e7ilecektir. Her ortak \u00fclkede yeterlilik eksikliklerini tespit etmek amac\u0131yla odak grup \u00e7al\u0131\u015fmalar\u0131 d\u00fczenlenecek ve okul-\u00f6ncesi alan\u0131nda \u00e7al\u0131\u015fan ki\u015fileri k\u00fclt\u00fcr alan\u0131nda at\u00f6lyeler d\u00fczenleme konusunda e\u011fitmek \u00fczere<\/li>\n<li><strong>IO2 EDUCLAB E\u011fitim Elkitab\u0131<\/strong> haz\u0131rlanacakt\u0131r. Haz\u0131rlanan e\u011fitim program\u0131 \u00f6nceki \u00e7\u0131kt\u0131n\u0131n geli\u015ftirilmesine dahil olan 10 kat\u0131l\u0131mc\u0131yla her ortak \u00fclkede pilot uygulama ile denenecek ve test edilecektir.<\/li>\n<li><strong>IO3 EDUCLAB Ara\u00e7tak\u0131m\u0131<\/strong> ise s\u0131n\u0131flar\u0131nda k\u00fclt\u00fcrel at\u00f6lyeler d\u00fczenlemeleri i\u00e7in okul-\u00f6ncesi \u00f6\u011fretmenlere faaliyetleri nas\u0131l ger\u00e7ekle\u015ftireceklerini ad\u0131m ad\u0131m anlatan olduk\u00e7a pratik ara\u00e7lar sunacakt\u0131r.<\/li>\n<li><strong>IO4 EDUCLAB Online Platform ve K\u00fclt\u00fcrel At\u00f6lyeler:<\/strong> her bir ortak \u00fclkede en az 4 k\u00fclt\u00fcrel at\u00f6lyenin uygulanmas\u0131yla AB d\u00fczeyinde toplam 625 \u00e7ocu\u011fun kat\u0131laca\u011f\u0131 etkinliklerde okul \u00f6ncesi \u00f6\u011fretmenleri \u00f6\u011frendiklerini uygulamaya koyacaklar. Bu a\u015famada \u00f6\u011fretici videolar da \u00e7ekilecek ve online platformda payla\u015f\u0131lacakt\u0131r. <\/li>\n<li><strong>\u00d6\u011eRENME, E\u011e\u0130T\u0130M VE \u00d6\u011eRET\u0130M ETK\u0130NL\u0130KLER\u0130<\/strong><br \/>\nE\u011fitim; 3-5 ya\u015f grubu \u00e7ocuklar i\u00e7in k\u00fclt\u00fcrel at\u00f6lyeler d\u00fczenleme konusunda benzersiz bir AB yakla\u015f\u0131m\u0131 geli\u015ftirmeyi ve proje \u00e7\u0131kt\u0131lar\u0131n\u0131 (IO2 ve IO3) kullanmay\u0131 hedeflemektedir. E\u011fitim her ortak kurumdan 2 ki\u015finin kat\u0131l\u0131m\u0131yla Floransa, \u0130talya\u2019da 5 g\u00fcn boyunca ger\u00e7ekle\u015ftirilecektir. <\/li>\n<\/ul>\n","protected":false},"excerpt":{"rendered":"<p>EDUCLAB projesi, E\u00c7EB (erken \u00e7ocuk e\u011fitimi ve bak\u0131m\u0131) \u00f6\u011fretmenlerini do\u011frudan hedef grup olarak a\u015fa\u011f\u0131daki faaliyetlere dahil etmeyi ama\u00e7lamaktad\u0131r: IO1 EDUCLAB Rehberi: Rehberi geli\u015ftirmek amac\u0131yla her bir ortak \u00fclkede 10 okul \u00f6ncesi \u00f6\u011fretmen veya 3-5 ya\u015f grubu \u00e7ocuklarla \u00e7al\u0131\u015fan personel se\u00e7ilecektir. &hellip; <a href=\"https:\/\/www.educlab.eu\/tr\/hedef-gruplar\/\">Continue reading <span class=\"meta-nav\">&rarr;<\/span><\/a><\/p>\n","protected":false},"author":2,"featured_media":735,"parent":0,"menu_order":0,"comment_status":"closed","ping_status":"closed","template":"","meta":[],"acf":[],"_links":{"self":[{"href":"https:\/\/www.educlab.eu\/tr\/wp-json\/wp\/v2\/pages\/817"}],"collection":[{"href":"https:\/\/www.educlab.eu\/tr\/wp-json\/wp\/v2\/pages"}],"about":[{"href":"https:\/\/www.educlab.eu\/tr\/wp-json\/wp\/v2\/types\/page"}],"author":[{"embeddable":true,"href":"https:\/\/www.educlab.eu\/tr\/wp-json\/wp\/v2\/users\/2"}],"replies":[{"embeddable":true,"href":"https:\/\/www.educlab.eu\/tr\/wp-json\/wp\/v2\/comments?post=817"}],"version-history":[{"count":3,"href":"https:\/\/www.educlab.eu\/tr\/wp-json\/wp\/v2\/pages\/817\/revisions"}],"predecessor-version":[{"id":872,"href":"https:\/\/www.educlab.eu\/tr\/wp-json\/wp\/v2\/pages\/817\/revisions\/872"}],"wp:featuredmedia":[{"embeddable":true,"href":"https:\/\/www.educlab.eu\/tr\/wp-json\/wp\/v2\/media\/735"}],"wp:attachment":[{"href":"https:\/\/www.educlab.eu\/tr\/wp-json\/wp\/v2\/media?parent=817"}],"curies":[{"name":"wp","href":"https:\/\/api.w.org\/{rel}","templated":true}]}}