{"id":840,"date":"2019-02-14T15:57:28","date_gmt":"2019-02-14T15:57:28","guid":{"rendered":"https:\/\/www.educlab.eu\/resultados-esperados\/"},"modified":"2019-04-10T08:11:39","modified_gmt":"2019-04-10T08:11:39","slug":"beklenen-ciktilar","status":"publish","type":"page","link":"https:\/\/www.educlab.eu\/tr\/beklenen-ciktilar\/","title":{"rendered":"Beklenen \u00c7\u0131kt\u0131lar"},"content":{"rendered":"<p>Projenin temel \u00e7\u0131kt\u0131lar\u0131:<\/p>\n<ul class=\"listLink\">\n<li><strong>IO1 EDUCLAB Rehberi:<\/strong> Bir k\u00fclt\u00fcrel at\u00f6lyenin uygulanmas\u0131 s\u0131ras\u0131nda e\u011fitim ortam\u0131n\u0131n ve \u00f6\u011frenme s\u00fcre\u00e7lerinin nas\u0131l d\u00fczenlenece\u011fi ve ya\u015fa \u00f6zg\u00fc ihtiya\u00e7lara ve \u00e7ocuklar\u0131n motivasyona nas\u0131l hitap edilece\u011fine ili\u015fkin \u00f6\u011fretmenler i\u00e7in bir dok\u00fcman olacakt\u0131r.<\/li>\n<li><strong>IO2 EDUCLAB E\u011fitim Elkitab\u0131<\/strong> E\u00c7EB \u00f6\u011fretmenlerine, k\u00fclt\u00fcr alan\u0131nda at\u00f6lyeler d\u00fczenleme konusunda yeterlilikler kazand\u0131rman\u0131n yan\u0131s\u0131ra dijital alanda ve kapsay\u0131c\u0131 yakla\u015f\u0131mlar konusunda beceriler kazand\u0131racakt\u0131r.<\/li>\n<li><strong>IO3 EDUCLAB Ara\u00e7tak\u0131m\u0131:<\/strong> K\u00fclt\u00fcrel at\u00f6lye faaliyetlerinin nas\u0131l y\u00fcr\u00fct\u00fclece\u011fi ile ilgili ad\u0131m ad\u0131m a\u00e7\u0131klamalar i\u00e7erecektir.<\/li>\n<li><strong>IO4 EDUCLAB Online Platform ve K\u00fclt\u00fcrel At\u00f6lyeler:<\/strong> EDUCLAB Ara\u00e7tak\u0131m\u0131na g\u00f6rsel-tabanl\u0131 \u00f6\u011frenme deste\u011fi olarak \u00f6\u011fretici videolar geli\u015ftirilecek ve EDUCLAB online platformuna y\u00fcklenecektir. AB d\u00fczeyindeki k\u00fclt\u00fcrel at\u00f6lye \u00e7al\u0131\u015fmalar\u0131n\u0131n uygulanmas\u0131 s\u0131ras\u0131nda ilave videolar geli\u015ftirilecektir.<\/li>\n<\/ul>\n<p>Bu \u00e7\u0131kt\u0131lar, daha fazla say\u0131 ve alandan hedef gruba ve payda\u015flara ula\u015fmak i\u00e7in \u00e7o\u011falt\u0131c\u0131 etkinliklerle yayg\u0131nla\u015ft\u0131r\u0131lacakt\u0131r.<\/p>\n","protected":false},"excerpt":{"rendered":"<p>Projenin temel \u00e7\u0131kt\u0131lar\u0131: IO1 EDUCLAB Rehberi: Bir k\u00fclt\u00fcrel at\u00f6lyenin uygulanmas\u0131 s\u0131ras\u0131nda e\u011fitim ortam\u0131n\u0131n ve \u00f6\u011frenme s\u00fcre\u00e7lerinin nas\u0131l d\u00fczenlenece\u011fi ve ya\u015fa \u00f6zg\u00fc ihtiya\u00e7lara ve \u00e7ocuklar\u0131n motivasyona nas\u0131l hitap edilece\u011fine ili\u015fkin \u00f6\u011fretmenler i\u00e7in bir dok\u00fcman olacakt\u0131r. IO2 EDUCLAB E\u011fitim Elkitab\u0131 E\u00c7EB \u00f6\u011fretmenlerine, &hellip; <a href=\"https:\/\/www.educlab.eu\/tr\/beklenen-ciktilar\/\">Continue reading <span class=\"meta-nav\">&rarr;<\/span><\/a><\/p>\n","protected":false},"author":2,"featured_media":785,"parent":0,"menu_order":0,"comment_status":"closed","ping_status":"closed","template":"","meta":[],"acf":[],"_links":{"self":[{"href":"https:\/\/www.educlab.eu\/tr\/wp-json\/wp\/v2\/pages\/840"}],"collection":[{"href":"https:\/\/www.educlab.eu\/tr\/wp-json\/wp\/v2\/pages"}],"about":[{"href":"https:\/\/www.educlab.eu\/tr\/wp-json\/wp\/v2\/types\/page"}],"author":[{"embeddable":true,"href":"https:\/\/www.educlab.eu\/tr\/wp-json\/wp\/v2\/users\/2"}],"replies":[{"embeddable":true,"href":"https:\/\/www.educlab.eu\/tr\/wp-json\/wp\/v2\/comments?post=840"}],"version-history":[{"count":5,"href":"https:\/\/www.educlab.eu\/tr\/wp-json\/wp\/v2\/pages\/840\/revisions"}],"predecessor-version":[{"id":1219,"href":"https:\/\/www.educlab.eu\/tr\/wp-json\/wp\/v2\/pages\/840\/revisions\/1219"}],"wp:featuredmedia":[{"embeddable":true,"href":"https:\/\/www.educlab.eu\/tr\/wp-json\/wp\/v2\/media\/785"}],"wp:attachment":[{"href":"https:\/\/www.educlab.eu\/tr\/wp-json\/wp\/v2\/media?parent=840"}],"curies":[{"name":"wp","href":"https:\/\/api.w.org\/{rel}","templated":true}]}}